{"id":2673,"date":"2022-05-03T14:29:22","date_gmt":"2022-05-03T17:29:22","guid":{"rendered":"https:\/\/lunafortaleza.com.br\/index.php\/affiliate-login\/"},"modified":"2023-06-20T11:28:39","modified_gmt":"2023-06-20T14:28:39","slug":"affiliate-login","status":"publish","type":"page","link":"https:\/\/lunafortaleza.com.br\/index.php\/affiliate-login\/","title":{"rendered":"Afiliado Login"},"content":{"rendered":"\t\t<div data-elementor-type=\"wp-page\" data-elementor-id=\"2673\" class=\"elementor elementor-2673\">\n\t\t\t\t\t\t<section class=\"elementor-section elementor-top-section elementor-element elementor-element-25722182 elementor-section-boxed elementor-section-height-default elementor-section-height-default\" data-id=\"25722182\" data-element_type=\"section\" data-e-type=\"section\">\n\t\t\t\t\t\t<div class=\"elementor-container elementor-column-gap-default\">\n\t\t\t\t\t<div class=\"elementor-column elementor-col-100 elementor-top-column elementor-element elementor-element-4fd0abee\" data-id=\"4fd0abee\" data-element_type=\"column\" data-e-type=\"column\">\n\t\t\t<div class=\"elementor-widget-wrap elementor-element-populated\">\n\t\t\t\t\t\t<div class=\"elementor-element elementor-element-36f65c9a elementor-widget elementor-widget-text-editor\" data-id=\"36f65c9a\" data-element_type=\"widget\" data-e-type=\"widget\" data-widget_type=\"text-editor.default\">\n\t\t\t\t<div class=\"elementor-widget-container\">\n\t\t\t\t\t<div class=\"uap-public-trial-version\">\r\r\n\tEsta \u00e9 uma vers\u00e3o de teste do <strong><a href=\"https:\/\/ultimateaffiliate.pro\/\" target=\"_blank\">Ultimate Affiliate Pro<\/a><\/strong>plugar. Adicione seu c\u00f3digo na se\u00e7\u00e3o de licenciamento para ativar a vers\u00e3o Full Ultimate Affiliate Pro.\r\n<\/div>\r\r\n\t\t\t\t<span style=\"vertical-align: inherit;\"><span style=\"vertical-align: inherit;\"><div class=\"uap-login-form-wrap uap-login-template-9\"><form method=\"post\" id=\"uap_login_form\"><input type=\"hidden\" name=\"uapaction\" value=\"login\" \/><div class=\"uap-form-line-fr\"><i class=\"fa-uap fa-username-uap\"><\/i><input type=\"text\" id=\"uap_login_username\" value=\"\" name=\"log\" placeholder=\"Nome do usu\u00e1rio\" \/><\/div><div class=\"uap-form-line-fr\"><i class=\"fa-uap fa-pass-uap\"><\/i><input type=\"password\" id=\"uap_login_password\" value=\"\" placeholder=\"Senha\" name=\"pwd\" \/><span class=\"uap-hide-pw hide-if-no-js\" data-toggle=\"0\" aria-label=\"Mostrar senha\"><span class=\"dashicons dashicons-visibility\" aria-hidden=\"true\"><\/span><\/div><div class=\"uap-remember-wrapper\"><input type=\"checkbox\" value=\"forever\" name=\"rememberme\" class=\"uap-form-input-remember\" \/><span class=\"uap-form-label-fr uap-form-label-remember\">Lembrar-me<\/span> <\/div><div  class=\"uap-form-links\"><div class=\"uap-form-links-pass\"><a href=\"https:\/\/lunafortaleza.com.br\/index.php\/lost-password\/\">Perdeu sua senha?<\/a><\/div><\/div><div class=\"uap-clear\"><\/div><div class=\"uap-form-line-fr uap-form-submit\"><input type=\"submit\" value=\"Conecte-se\" name=\"Submit\"  \/><\/div><input type='hidden' value='efbae74570' name='uap_login_nonce' \/><\/form>\r\r\n\t<span class=\"uap-js-login-form-details\"\r\r\n\tdata-username_selector=\"#uap_login_username\"\r\r\n\tdata-password_selector=\"#uap_login_password\"\r\r\n\tdata-error_message=\"Por favor, preencha todos os campos obrigat\u00f3rios!\"><\/span>\r\r\n\t<\/div><\/span><\/span>\t\t\t\t\t\t\t\t<\/div>\n\t\t\t\t<\/div>\n\t\t\t\t\t<\/div>\n\t\t<\/div>\n\t\t\t\t\t<\/div>\n\t\t<\/section>\n\t\t\t\t<\/div>\n\t\t","protected":false},"excerpt":{"rendered":"","protected":false},"author":1,"featured_media":0,"parent":0,"menu_order":0,"comment_status":"closed","ping_status":"closed","template":"elementor_theme","meta":{"ocean_post_layout":"full-width","ocean_both_sidebars_style":"","ocean_both_sidebars_content_width":0,"ocean_both_sidebars_sidebars_width":0,"ocean_sidebar":"0","ocean_second_sidebar":"0","ocean_disable_margins":"enable","ocean_add_body_class":"","ocean_shortcode_before_top_bar":"","ocean_shortcode_after_top_bar":"","ocean_shortcode_before_header":"","ocean_shortcode_after_header":"","ocean_has_shortcode":"","ocean_shortcode_after_title":"","ocean_shortcode_before_footer_widgets":"","ocean_shortcode_after_footer_widgets":"","ocean_shortcode_before_footer_bottom":"","ocean_shortcode_after_footer_bottom":"","ocean_display_top_bar":"default","ocean_display_header":"default","ocean_header_style":"","ocean_center_header_left_menu":"0","ocean_custom_header_template":"0","ocean_custom_logo":0,"ocean_custom_retina_logo":0,"ocean_custom_logo_max_width":0,"ocean_custom_logo_tablet_max_width":0,"ocean_custom_logo_mobile_max_width":0,"ocean_custom_logo_max_height":0,"ocean_custom_logo_tablet_max_height":0,"ocean_custom_logo_mobile_max_height":0,"ocean_header_custom_menu":"0","ocean_menu_typo_font_family":"0","ocean_menu_typo_font_subset":"","ocean_menu_typo_font_size":0,"ocean_menu_typo_font_size_tablet":0,"ocean_menu_typo_font_size_mobile":0,"ocean_menu_typo_font_size_unit":"px","ocean_menu_typo_font_weight":"","ocean_menu_typo_font_weight_tablet":"","ocean_menu_typo_font_weight_mobile":"","ocean_menu_typo_transform":"","ocean_menu_typo_transform_tablet":"","ocean_menu_typo_transform_mobile":"","ocean_menu_typo_line_height":0,"ocean_menu_typo_line_height_tablet":0,"ocean_menu_typo_line_height_mobile":0,"ocean_menu_typo_line_height_unit":"","ocean_menu_typo_spacing":0,"ocean_menu_typo_spacing_tablet":0,"ocean_menu_typo_spacing_mobile":0,"ocean_menu_typo_spacing_unit":"","ocean_menu_link_color":"","ocean_menu_link_color_hover":"","ocean_menu_link_color_active":"","ocean_menu_link_background":"","ocean_menu_link_hover_background":"","ocean_menu_link_active_background":"","ocean_menu_social_links_bg":"","ocean_menu_social_hover_links_bg":"","ocean_menu_social_links_color":"","ocean_menu_social_hover_links_color":"","ocean_disable_title":"default","ocean_disable_heading":"default","ocean_post_title":"","ocean_post_subheading":"","ocean_post_title_style":"","ocean_post_title_background_color":"","ocean_post_title_background":0,"ocean_post_title_bg_image_position":"","ocean_post_title_bg_image_attachment":"","ocean_post_title_bg_image_repeat":"","ocean_post_title_bg_image_size":"","ocean_post_title_height":0,"ocean_post_title_bg_overlay":0.5,"ocean_post_title_bg_overlay_color":"","ocean_disable_breadcrumbs":"default","ocean_breadcrumbs_color":"","ocean_breadcrumbs_separator_color":"","ocean_breadcrumbs_links_color":"","ocean_breadcrumbs_links_hover_color":"","ocean_display_footer_widgets":"default","ocean_display_footer_bottom":"default","ocean_custom_footer_template":"0","footnotes":""},"class_list":["post-2673","page","type-page","status-publish","hentry","entry","owp-thumbs-layout-horizontal","owp-btn-normal","owp-tabs-layout-horizontal","has-no-thumbnails","has-product-nav"],"_links":{"self":[{"href":"https:\/\/lunafortaleza.com.br\/index.php\/wp-json\/wp\/v2\/pages\/2673","targetHints":{"allow":["GET"]}}],"collection":[{"href":"https:\/\/lunafortaleza.com.br\/index.php\/wp-json\/wp\/v2\/pages"}],"about":[{"href":"https:\/\/lunafortaleza.com.br\/index.php\/wp-json\/wp\/v2\/types\/page"}],"author":[{"embeddable":true,"href":"https:\/\/lunafortaleza.com.br\/index.php\/wp-json\/wp\/v2\/users\/1"}],"replies":[{"embeddable":true,"href":"https:\/\/lunafortaleza.com.br\/index.php\/wp-json\/wp\/v2\/comments?post=2673"}],"version-history":[{"count":0,"href":"https:\/\/lunafortaleza.com.br\/index.php\/wp-json\/wp\/v2\/pages\/2673\/revisions"}],"wp:attachment":[{"href":"https:\/\/lunafortaleza.com.br\/index.php\/wp-json\/wp\/v2\/media?parent=2673"}],"curies":[{"name":"wp","href":"https:\/\/api.w.org\/{rel}","templated":true}]}}