{"id":9797,"date":"2023-10-30T14:11:23","date_gmt":"2023-10-30T17:11:23","guid":{"rendered":"https:\/\/lunafortaleza.com.br\/?page_id=9797"},"modified":"2025-05-06T08:49:44","modified_gmt":"2025-05-06T11:49:44","slug":"politica-de-privacidade","status":"publish","type":"page","link":"https:\/\/lunafortaleza.com.br\/index.php\/politica-de-privacidade\/","title":{"rendered":"Pol\u00edtica de privacidade"},"content":{"rendered":"\t\t<div data-elementor-type=\"wp-page\" data-elementor-id=\"9797\" class=\"elementor elementor-9797\">\n\t\t\t\t\t\t<section class=\"elementor-section elementor-top-section elementor-element elementor-element-7a9a90a5 elementor-section-boxed elementor-section-height-default elementor-section-height-default\" data-id=\"7a9a90a5\" data-element_type=\"section\" data-e-type=\"section\">\n\t\t\t\t\t\t<div class=\"elementor-container elementor-column-gap-default\">\n\t\t\t\t\t<div class=\"elementor-column elementor-col-100 elementor-top-column elementor-element elementor-element-1fa38c44\" data-id=\"1fa38c44\" data-element_type=\"column\" data-e-type=\"column\">\n\t\t\t<div class=\"elementor-widget-wrap elementor-element-populated\">\n\t\t\t\t\t\t<div class=\"elementor-element elementor-element-695e2db2 elementor-widget__width-initial elementor-widget elementor-widget-text-editor\" data-id=\"695e2db2\" data-element_type=\"widget\" data-e-type=\"widget\" data-widget_type=\"text-editor.default\">\n\t\t\t\t<div class=\"elementor-widget-container\">\n\t\t\t\t\t\t\t\t\t<p data-start=\"222\" data-end=\"308\"><strong data-start=\"222\" data-end=\"273\">Pol\u00edtica de Privacidade \u2013 Sal\u00e3o Parceiro\u00a0<\/strong><br data-start=\"273\" data-end=\"276\" \/><em data-start=\"276\" data-end=\"308\">\u00daltima atualiza\u00e7\u00e3o: 06\/05\/2025\u00a0<\/em><\/p>\n<p data-start=\"222\" data-end=\"308\"><span style=\"font-size: 14px; letter-spacing: 0.8px;\">A sua privacidade \u00e9 muito importante para n\u00f3s. Esta Pol\u00edtica de Privacidade explica como o <\/span><strong style=\"font-size: 14px; letter-spacing: 0.8px;\" data-start=\"401\" data-end=\"426\">Sal\u00e3o Parceiro <\/strong><span style=\"font-size: 14px; letter-spacing: 0.8px;\">\u00a0coleta, utiliza, armazena e compartilha suas informa\u00e7\u00f5es pessoais ao utilizar nosso site. Ao acessar ou utilizar nossos servi\u00e7os, voc\u00ea concorda com as pr\u00e1ticas descritas abaixo.<\/span><\/p>\n<hr data-start=\"606\" data-end=\"609\" \/>\n<h3 data-start=\"611\" data-end=\"639\">1. Coleta de Informa\u00e7\u00f5es<\/h3>\n<p data-start=\"641\" data-end=\"812\"><strong data-start=\"641\" data-end=\"668\">a. Informa\u00e7\u00f5es Pessoais<\/strong><br data-start=\"668\" data-end=\"671\" \/>Podemos coletar dados como nome, endere\u00e7o, e-mail, telefone e dados de pagamento quando voc\u00ea se cadastra ou realiza transa\u00e7\u00f5es em nosso site.<\/p>\n<p data-start=\"814\" data-end=\"1049\"><strong data-start=\"814\" data-end=\"845\">b. Informa\u00e7\u00f5es de Navega\u00e7\u00e3o<\/strong><br data-start=\"845\" data-end=\"848\" \/>Coletamos automaticamente dados como endere\u00e7o IP, tipo de navegador, dispositivo utilizado, p\u00e1ginas acessadas e tempo de navega\u00e7\u00e3o. Essas informa\u00e7\u00f5es ajudam a melhorar o desempenho e seguran\u00e7a do site.<\/p>\n<p data-start=\"1051\" data-end=\"1262\"><strong data-start=\"1051\" data-end=\"1091\">c. Cookies e Tecnologias Semelhantes<\/strong><br data-start=\"1091\" data-end=\"1094\" \/>Utilizamos cookies para melhorar sua experi\u00eancia, personalizar conte\u00fados e lembrar suas prefer\u00eancias. Voc\u00ea pode gerenciar os cookies nas configura\u00e7\u00f5es do seu navegador.<\/p>\n<hr data-start=\"1264\" data-end=\"1267\" \/>\n<h3 data-start=\"1269\" data-end=\"1295\">2. Uso das Informa\u00e7\u00f5es<\/h3>\n<p data-start=\"1297\" data-end=\"1342\">As informa\u00e7\u00f5es coletadas s\u00e3o utilizadas para:<\/p>\n<ul data-start=\"1344\" data-end=\"1599\">\n<li data-start=\"1344\" data-end=\"1396\">\n<p data-start=\"1346\" data-end=\"1396\">Processar pedidos e fornecer suporte ao cliente.<\/p>\n<\/li>\n<li data-start=\"1397\" data-end=\"1452\">\n<p data-start=\"1399\" data-end=\"1452\">Personalizar a navega\u00e7\u00e3o e a experi\u00eancia de compra.<\/p>\n<\/li>\n<li data-start=\"1453\" data-end=\"1518\">\n<p data-start=\"1455\" data-end=\"1518\">Melhorar nossos servi\u00e7os, produtos e funcionalidades do site.<\/p>\n<\/li>\n<li data-start=\"1519\" data-end=\"1599\">\n<p data-start=\"1521\" data-end=\"1599\">Enviar comunica\u00e7\u00f5es sobre promo\u00e7\u00f5es, atualiza\u00e7\u00f5es e novidades (se autorizado).<\/p>\n<\/li>\n<\/ul>\n<hr data-start=\"1601\" data-end=\"1604\" \/>\n<h3 data-start=\"1606\" data-end=\"1644\">3. Compartilhamento de Informa\u00e7\u00f5es<\/h3>\n<p data-start=\"1646\" data-end=\"1750\">N\u00e3o vendemos nem alugamos suas informa\u00e7\u00f5es pessoais. Compartilhamos dados apenas quando necess\u00e1rio para:<\/p>\n<ul data-start=\"1752\" data-end=\"1957\">\n<li data-start=\"1752\" data-end=\"1840\">\n<p data-start=\"1754\" data-end=\"1840\">Prestadores de servi\u00e7os que atuam em nosso nome (ex: meios de pagamento, log\u00edstica).<\/p>\n<\/li>\n<li data-start=\"1841\" data-end=\"1894\">\n<p data-start=\"1843\" data-end=\"1894\">Cumprimento de obriga\u00e7\u00f5es legais ou regulat\u00f3rias.<\/p>\n<\/li>\n<li data-start=\"1895\" data-end=\"1957\">\n<p data-start=\"1897\" data-end=\"1957\">Casos de fus\u00f5es, aquisi\u00e7\u00f5es ou reestrutura\u00e7\u00f5es empresariais.<\/p>\n<\/li>\n<\/ul>\n<hr data-start=\"1959\" data-end=\"1962\" \/>\n<h3 data-start=\"1964\" data-end=\"1996\">4. Seguran\u00e7a das Informa\u00e7\u00f5es<\/h3>\n<p data-start=\"1998\" data-end=\"2171\">Adotamos medidas t\u00e9cnicas e administrativas adequadas para proteger seus dados pessoais. No entanto, nenhum sistema \u00e9 100% seguro, e n\u00e3o podemos garantir seguran\u00e7a absoluta.<\/p>\n<hr data-start=\"2173\" data-end=\"2176\" \/>\n<h3 data-start=\"2178\" data-end=\"2198\">5. Seus Direitos<\/h3>\n<p data-start=\"2200\" data-end=\"2222\">Voc\u00ea tem o direito de:<\/p>\n<ul data-start=\"2224\" data-end=\"2364\">\n<li data-start=\"2224\" data-end=\"2256\">\n<p data-start=\"2226\" data-end=\"2256\">Acessar seus dados pessoais.<\/p>\n<\/li>\n<li data-start=\"2257\" data-end=\"2306\">\n<p data-start=\"2259\" data-end=\"2306\">Corrigir ou atualizar informa\u00e7\u00f5es incorretas.<\/p>\n<\/li>\n<li data-start=\"2307\" data-end=\"2364\">\n<p data-start=\"2309\" data-end=\"2364\">Solicitar a exclus\u00e3o de seus dados, quando aplic\u00e1vel.<\/p>\n<\/li>\n<\/ul>\n<p data-start=\"2366\" data-end=\"2420\">Para exercer esses direitos, entre em contato conosco.<\/p>\n<hr data-start=\"2422\" data-end=\"2425\" \/>\n<h3 data-start=\"2427\" data-end=\"2450\">6. Menores de Idade<\/h3>\n<p data-start=\"2452\" data-end=\"2546\">O site n\u00e3o \u00e9 destinado a menores de 18 anos, e n\u00e3o coletamos dados conscientemente de menores.<\/p>\n<hr data-start=\"2548\" data-end=\"2551\" \/>\n<h3 data-start=\"2553\" data-end=\"2587\">7. Atualiza\u00e7\u00f5es desta Pol\u00edtica<\/h3>\n<p data-start=\"2589\" data-end=\"2760\">Podemos atualizar esta Pol\u00edtica de Privacidade a qualquer momento. Recomendamos que voc\u00ea a revise periodicamente. As altera\u00e7\u00f5es passam a valer ap\u00f3s sua publica\u00e7\u00e3o no site.<\/p>\n<hr data-start=\"2762\" data-end=\"2765\" \/>\n<h3 data-start=\"2767\" data-end=\"2781\">8. Contato<\/h3>\n<p data-start=\"2783\" data-end=\"2923\">Em caso de d\u00favidas sobre esta pol\u00edtica ou sobre suas informa\u00e7\u00f5es pessoais, entre em contato conosco pelo e-mail:\u00a0<\/p>\n<p data-start=\"2783\" data-end=\"2923\"><img decoding=\"async\" class=\"\" style=\"font-size: 14px; letter-spacing: 0.8px;\" role=\"img\" draggable=\"false\" src=\"https:\/\/s.w.org\/images\/core\/emoji\/15.1.0\/svg\/1f4e7.svg\" alt=\"\ud83d\udce7\" width=\"36\" height=\"36\" \/> <strong style=\"font-size: 14px; letter-spacing: 0.8px;\" data-start=\"2901\" data-end=\"2923\"><a rel=\"noopener\" data-start=\"2903\" data-end=\"2921\">contato@lunafortaleza.com.br<\/a><\/strong><\/p>\n<hr data-start=\"2925\" data-end=\"2928\" \/>\n<p data-start=\"2930\" data-end=\"3049\"><strong data-start=\"2930\" data-end=\"3031\">Obrigado por confiar no Sal\u00e3o Parceiro . Estamos comprometidos em proteger sua privacidade.<\/strong><br data-start=\"3031\" data-end=\"3034\" \/><em data-start=\"3034\" data-end=\"3049\">Equipe Sal\u00e3o Parceiro\u00a0<\/em><\/p>\t\t\t\t\t\t\t\t<\/div>\n\t\t\t\t<\/div>\n\t\t\t\t\t<\/div>\n\t\t<\/div>\n\t\t\t\t\t<\/div>\n\t\t<\/section>\n\t\t\t\t<\/div>\n\t\t","protected":false},"excerpt":{"rendered":"<p>Pol\u00edtica de Privacidade \u2013 Sal\u00e3o Parceiro\u00a0\u00daltima atualiza\u00e7\u00e3o: 06\/05\/2025\u00a0 A sua privacidade \u00e9 muito importante para n\u00f3s. Esta Pol\u00edtica de Privacidade explica como o Sal\u00e3o Parceiro \u00a0coleta, utiliza, armazena e compartilha suas informa\u00e7\u00f5es pessoais ao utilizar nosso site. Ao acessar ou utilizar nossos servi\u00e7os, voc\u00ea concorda com as pr\u00e1ticas descritas abaixo. 1. Coleta de Informa\u00e7\u00f5es a. [&hellip;]<\/p>\n","protected":false},"author":1,"featured_media":0,"parent":0,"menu_order":0,"comment_status":"closed","ping_status":"closed","template":"elementor_header_footer","meta":{"ocean_post_layout":"","ocean_both_sidebars_style":"","ocean_both_sidebars_content_width":0,"ocean_both_sidebars_sidebars_width":0,"ocean_sidebar":"","ocean_second_sidebar":"","ocean_disable_margins":"enable","ocean_add_body_class":"","ocean_shortcode_before_top_bar":"","ocean_shortcode_after_top_bar":"","ocean_shortcode_before_header":"","ocean_shortcode_after_header":"","ocean_has_shortcode":"","ocean_shortcode_after_title":"","ocean_shortcode_before_footer_widgets":"","ocean_shortcode_after_footer_widgets":"","ocean_shortcode_before_footer_bottom":"","ocean_shortcode_after_footer_bottom":"","ocean_display_top_bar":"default","ocean_display_header":"default","ocean_header_style":"","ocean_center_header_left_menu":"","ocean_custom_header_template":"","ocean_custom_logo":0,"ocean_custom_retina_logo":0,"ocean_custom_logo_max_width":0,"ocean_custom_logo_tablet_max_width":0,"ocean_custom_logo_mobile_max_width":0,"ocean_custom_logo_max_height":0,"ocean_custom_logo_tablet_max_height":0,"ocean_custom_logo_mobile_max_height":0,"ocean_header_custom_menu":"","ocean_menu_typo_font_family":"","ocean_menu_typo_font_subset":"","ocean_menu_typo_font_size":0,"ocean_menu_typo_font_size_tablet":0,"ocean_menu_typo_font_size_mobile":0,"ocean_menu_typo_font_size_unit":"px","ocean_menu_typo_font_weight":"","ocean_menu_typo_font_weight_tablet":"","ocean_menu_typo_font_weight_mobile":"","ocean_menu_typo_transform":"","ocean_menu_typo_transform_tablet":"","ocean_menu_typo_transform_mobile":"","ocean_menu_typo_line_height":0,"ocean_menu_typo_line_height_tablet":0,"ocean_menu_typo_line_height_mobile":0,"ocean_menu_typo_line_height_unit":"","ocean_menu_typo_spacing":0,"ocean_menu_typo_spacing_tablet":0,"ocean_menu_typo_spacing_mobile":0,"ocean_menu_typo_spacing_unit":"","ocean_menu_link_color":"","ocean_menu_link_color_hover":"","ocean_menu_link_color_active":"","ocean_menu_link_background":"","ocean_menu_link_hover_background":"","ocean_menu_link_active_background":"","ocean_menu_social_links_bg":"","ocean_menu_social_hover_links_bg":"","ocean_menu_social_links_color":"","ocean_menu_social_hover_links_color":"","ocean_disable_title":"default","ocean_disable_heading":"default","ocean_post_title":"","ocean_post_subheading":"","ocean_post_title_style":"","ocean_post_title_background_color":"","ocean_post_title_background":0,"ocean_post_title_bg_image_position":"","ocean_post_title_bg_image_attachment":"","ocean_post_title_bg_image_repeat":"","ocean_post_title_bg_image_size":"","ocean_post_title_height":0,"ocean_post_title_bg_overlay":0.5,"ocean_post_title_bg_overlay_color":"","ocean_disable_breadcrumbs":"default","ocean_breadcrumbs_color":"","ocean_breadcrumbs_separator_color":"","ocean_breadcrumbs_links_color":"","ocean_breadcrumbs_links_hover_color":"","ocean_display_footer_widgets":"default","ocean_display_footer_bottom":"default","ocean_custom_footer_template":"","footnotes":""},"class_list":["post-9797","page","type-page","status-publish","hentry","entry","owp-thumbs-layout-horizontal","owp-btn-normal","owp-tabs-layout-horizontal","has-no-thumbnails","has-product-nav"],"_links":{"self":[{"href":"https:\/\/lunafortaleza.com.br\/index.php\/wp-json\/wp\/v2\/pages\/9797","targetHints":{"allow":["GET"]}}],"collection":[{"href":"https:\/\/lunafortaleza.com.br\/index.php\/wp-json\/wp\/v2\/pages"}],"about":[{"href":"https:\/\/lunafortaleza.com.br\/index.php\/wp-json\/wp\/v2\/types\/page"}],"author":[{"embeddable":true,"href":"https:\/\/lunafortaleza.com.br\/index.php\/wp-json\/wp\/v2\/users\/1"}],"replies":[{"embeddable":true,"href":"https:\/\/lunafortaleza.com.br\/index.php\/wp-json\/wp\/v2\/comments?post=9797"}],"version-history":[{"count":0,"href":"https:\/\/lunafortaleza.com.br\/index.php\/wp-json\/wp\/v2\/pages\/9797\/revisions"}],"wp:attachment":[{"href":"https:\/\/lunafortaleza.com.br\/index.php\/wp-json\/wp\/v2\/media?parent=9797"}],"curies":[{"name":"wp","href":"https:\/\/api.w.org\/{rel}","templated":true}]}}