{"id":22923,"date":"2024-07-04T08:46:43","date_gmt":"2024-07-04T11:46:43","guid":{"rendered":"https:\/\/lunafortaleza.com.br\/?post_type=product&#038;p=22923"},"modified":"2026-04-08T21:30:23","modified_gmt":"2026-04-09T00:30:23","slug":"bi-complex-shampoo-energizante-201ml","status":"publish","type":"product","link":"https:\/\/lunafortaleza.com.br\/index.php\/produto\/bi-complex-shampoo-energizante-201ml\/","title":{"rendered":"BI COMPLEX SHAMPOO ENERGIZANTE 201mL"},"content":{"rendered":"<p><strong>Shampoo Bi-Complex:<\/strong>\u00a0 \u00c9 uma linha de produtos especiais para o tratamento do couro cabeludo e dos fios. Proporciona bem-estar, beleza e equil\u00edbrio ao pH do cabelo. Age como auxiliar no tratamento anticaspa, queda capilar causada pela seborreia, controla a oleosidade e favorece o crescimento de fios fortes e saud\u00e1veis.<\/p>\n<p><strong>Piritionato de Zinco:<\/strong> Possui um amplo espectro de a\u00e7\u00e3o anti-bacteriana e antif\u00fangica<\/p>\n<p><strong> Octopirox:<\/strong> Auxilia na preven\u00e7\u00e3o da caspa<\/p>\n<p><strong>Copa\u00edba, Jaborandi e Ch\u00e1 Verde:<\/strong> Auxiliam no controle da oleosidade<\/p>\n<p>&nbsp;<\/p>\n<h3>Ingredientes especiais:<\/h3>\n<p>Cocamide DEA\/Polyquaternium-7\/Menthol\/Hydrolyzed Soy Protein<strong>\/<\/strong>Coffea Arabica Seed Extract \/ Symphytum Officinale Root Extract \/ Zingiber Officinale Root Extract \/ Paullinia Cupana Seed Extract \/Pilocarpus Microphyllus Leaf Extract \/ Punica Granatum Bark Extract\/Citric Acid\/Piroctone Olamine<\/p>\n<h3>Como usar:<\/h3>\n<p>Aplique no couro e nos cabelos \u00famidos , massageando suavemente e deslizando a espuma pra o comprimento das madeixas at\u00e9 formar espuma rica e cremosa. Deixe agir por 3 minutos e depois enx\u00e1gue. Reaplique se necess\u00e1rio.<\/p>\n<h3>A\u00e7\u00e3o \/ Resultado:<\/h3>\n<p><strong>Recomendado para homens e mulheres<\/strong> que possuem caspa, excesso de oleosidade, oferece uma limpeza delicada e controle da oleosidade no couro cabeludo. Elimina caspas, escama\u00e7\u00f5es provocado por processo qu\u00edmico.<\/p>\n<p>DICA PARA O PROFISSIONAL<\/p>\n<p>Se voc\u00ea sofre com\u00a0<strong>disfun\u00e7\u00f5es no couro cabeludo<\/strong>, coceira ou capas, o\u00a0<strong>Shampoo ENERGIZANTE BI COMPLEX<\/strong>\u00a0\u00e9 ideal, capaz de\u00a0<strong>reduzir a caspa em at\u00e9 95,9%<\/strong>.<\/p>\n<p>Este shampoo anticaspa <strong>higieniza o couro cabeludo<\/strong>, trazendo uma\u00a0<strong>sensa\u00e7\u00e3o de refresc\u00e2ncia.<\/strong> Como um grande aliado ele <strong>controla 80% da oleosidade do cabelo.<\/strong><\/p>\n<p>&nbsp;<\/p>\n","protected":false},"excerpt":{"rendered":"<p>O Bi Complex \u00e9 utilizado para controlar e eliminar patologias no couro cabeludo tipo, excesso de oleosidade, seborreia, caspa e dermatites.<\/p>\n","protected":false},"featured_media":22929,"template":"","meta":{"ocean_post_layout":"","ocean_both_sidebars_style":"","ocean_both_sidebars_content_width":0,"ocean_both_sidebars_sidebars_width":0,"ocean_sidebar":"0","ocean_second_sidebar":"0","ocean_disable_margins":"enable","ocean_add_body_class":"","ocean_shortcode_before_top_bar":"","ocean_shortcode_after_top_bar":"","ocean_shortcode_before_header":"","ocean_shortcode_after_header":"","ocean_has_shortcode":"","ocean_shortcode_after_title":"","ocean_shortcode_before_footer_widgets":"","ocean_shortcode_after_footer_widgets":"","ocean_shortcode_before_footer_bottom":"","ocean_shortcode_after_footer_bottom":"","ocean_display_top_bar":"default","ocean_display_header":"default","ocean_header_style":"","ocean_center_header_left_menu":"0","ocean_custom_header_template":"0","ocean_custom_logo":0,"ocean_custom_retina_logo":0,"ocean_custom_logo_max_width":0,"ocean_custom_logo_tablet_max_width":0,"ocean_custom_logo_mobile_max_width":0,"ocean_custom_logo_max_height":0,"ocean_custom_logo_tablet_max_height":0,"ocean_custom_logo_mobile_max_height":0,"ocean_header_custom_menu":"0","ocean_menu_typo_font_family":"0","ocean_menu_typo_font_subset":"","ocean_menu_typo_font_size":0,"ocean_menu_typo_font_size_tablet":0,"ocean_menu_typo_font_size_mobile":0,"ocean_menu_typo_font_size_unit":"px","ocean_menu_typo_font_weight":"","ocean_menu_typo_font_weight_tablet":"","ocean_menu_typo_font_weight_mobile":"","ocean_menu_typo_transform":"","ocean_menu_typo_transform_tablet":"","ocean_menu_typo_transform_mobile":"","ocean_menu_typo_line_height":0,"ocean_menu_typo_line_height_tablet":0,"ocean_menu_typo_line_height_mobile":0,"ocean_menu_typo_line_height_unit":"","ocean_menu_typo_spacing":0,"ocean_menu_typo_spacing_tablet":0,"ocean_menu_typo_spacing_mobile":0,"ocean_menu_typo_spacing_unit":"","ocean_menu_link_color":"","ocean_menu_link_color_hover":"","ocean_menu_link_color_active":"","ocean_menu_link_background":"","ocean_menu_link_hover_background":"","ocean_menu_link_active_background":"","ocean_menu_social_links_bg":"","ocean_menu_social_hover_links_bg":"","ocean_menu_social_links_color":"","ocean_menu_social_hover_links_color":"","ocean_disable_title":"default","ocean_disable_heading":"default","ocean_post_title":"","ocean_post_subheading":"","ocean_post_title_style":"","ocean_post_title_background_color":"","ocean_post_title_background":0,"ocean_post_title_bg_image_position":"","ocean_post_title_bg_image_attachment":"","ocean_post_title_bg_image_repeat":"","ocean_post_title_bg_image_size":"","ocean_post_title_height":0,"ocean_post_title_bg_overlay":0.5,"ocean_post_title_bg_overlay_color":"","ocean_disable_breadcrumbs":"default","ocean_breadcrumbs_color":"","ocean_breadcrumbs_separator_color":"","ocean_breadcrumbs_links_color":"","ocean_breadcrumbs_links_hover_color":"","ocean_display_footer_widgets":"default","ocean_display_footer_bottom":"default","ocean_custom_footer_template":"0"},"product_brand":[],"product_cat":[67],"product_tag":[],"class_list":{"0":"post-22923","1":"product","2":"type-product","3":"status-publish","4":"has-post-thumbnail","6":"product_cat-manutencao","8":"entry","9":"has-media","11":"first","12":"instock","13":"shipping-taxable","14":"purchasable","15":"product-type-simple","16":"has-product-nav","17":"col","18":"span_1_of_5","19":"owp-content-center","20":"owp-thumbs-layout-horizontal","21":"owp-btn-normal","22":"owp-tabs-layout-horizontal","23":"has-no-thumbnails"},"_links":{"self":[{"href":"https:\/\/lunafortaleza.com.br\/index.php\/wp-json\/wp\/v2\/product\/22923","targetHints":{"allow":["GET"]}}],"collection":[{"href":"https:\/\/lunafortaleza.com.br\/index.php\/wp-json\/wp\/v2\/product"}],"about":[{"href":"https:\/\/lunafortaleza.com.br\/index.php\/wp-json\/wp\/v2\/types\/product"}],"wp:featuredmedia":[{"embeddable":true,"href":"https:\/\/lunafortaleza.com.br\/index.php\/wp-json\/wp\/v2\/media\/22929"}],"wp:attachment":[{"href":"https:\/\/lunafortaleza.com.br\/index.php\/wp-json\/wp\/v2\/media?parent=22923"}],"wp:term":[{"taxonomy":"product_brand","embeddable":true,"href":"https:\/\/lunafortaleza.com.br\/index.php\/wp-json\/wp\/v2\/product_brand?post=22923"},{"taxonomy":"product_cat","embeddable":true,"href":"https:\/\/lunafortaleza.com.br\/index.php\/wp-json\/wp\/v2\/product_cat?post=22923"},{"taxonomy":"product_tag","embeddable":true,"href":"https:\/\/lunafortaleza.com.br\/index.php\/wp-json\/wp\/v2\/product_tag?post=22923"}],"curies":[{"name":"wp","href":"https:\/\/api.w.org\/{rel}","templated":true}]}}