{"id":2950,"date":"2022-09-20T15:00:09","date_gmt":"2022-09-20T18:00:09","guid":{"rendered":"https:\/\/lunafortaleza.com.br\/?post_type=product&#038;p=2950"},"modified":"2026-04-01T08:46:01","modified_gmt":"2026-04-01T11:46:01","slug":"hair-spray-fixacao-inteligente-400ml","status":"publish","type":"product","link":"https:\/\/lunafortaleza.com.br\/index.php\/produto\/hair-spray-fixacao-inteligente-400ml\/","title":{"rendered":"HAIR SPRAY FIXA\u00c7\u00c3O INTELIGENTE 400mL"},"content":{"rendered":"<p><strong>Hair Spray inteligente:<\/strong> Finaliza\u00e7\u00e3o profissional para o dia a dia Freestyle \u00e9 uma linha de finalizadores profissional para usar no sal\u00e3o e em casa. Fixa\u00e7\u00e3o firme, ideal para finalizar qualquer penteado moderno. Controle ultra forte. Indicado para todos os tipos de cabelos. Possui jato seco e intensa durabilidade. N\u00e3o deixa res\u00edduos.<\/p>\n<h3>Ingredientes especiais:<\/h3>\n<p>Ciclometicona\/ Pantenol\/ Curamina\/ Perfume<\/p>\n<h3>Como usar:<\/h3>\n<p>Com os cabelos secos, borrife mantendo 30cm de dist\u00e2ncia do cabelo. \u00c0 medida que aplicar mais produto, ter\u00e1 uma fixa\u00e7\u00e3o ainda maior do seu penteado.<\/p>\n<h3>A\u00e7\u00e3o \/ Resultado:<\/h3>\n<p>Ideal para profissionais que trabalha com <strong>PENTEADOS, TRANSAS<\/strong>, estilos de <strong>CORTE E ESCOVA<\/strong>. Oferece brilho e controle nos penteados. Seus cabelos ganham looks e penteados modernos, arrojados que duram muito mais tempo.<\/p>\n<p><strong>CAMADA FIXADORA:\u00a0<\/strong>Capaz de formar uma pel\u00edcula flex\u00edvel que oferece condicionamento para o fio. Al\u00e9m disso, os cabelos ganham uma substantividade delicada.<\/p>\n<p>&nbsp;<\/p>\n<p>&nbsp;<\/p>\n<p>&nbsp;<\/p>\n","protected":false},"excerpt":{"rendered":"<p>Hair Spray inteligente: Finaliza\u00e7\u00e3o profissional para o dia a dia Freestyle \u00e9 uma linha de finalizadores profissional para usar no sal\u00e3o e em casa. Fixa\u00e7\u00e3o firme, ideal para finalizar qualquer penteado moderno. Controle ultra forte. Indicado para todos os tipos de cabelos. Possui jato seco e intensa durabilidade. N\u00e3o deixa res\u00edduos. Ingredientes especiais: Ciclometicona\/ Pantenol\/ [&hellip;]<\/p>\n","protected":false},"featured_media":22965,"template":"","meta":{"ocean_post_layout":"","ocean_both_sidebars_style":"","ocean_both_sidebars_content_width":0,"ocean_both_sidebars_sidebars_width":0,"ocean_sidebar":"0","ocean_second_sidebar":"0","ocean_disable_margins":"enable","ocean_add_body_class":"","ocean_shortcode_before_top_bar":"","ocean_shortcode_after_top_bar":"","ocean_shortcode_before_header":"","ocean_shortcode_after_header":"","ocean_has_shortcode":"","ocean_shortcode_after_title":"","ocean_shortcode_before_footer_widgets":"","ocean_shortcode_after_footer_widgets":"","ocean_shortcode_before_footer_bottom":"","ocean_shortcode_after_footer_bottom":"","ocean_display_top_bar":"default","ocean_display_header":"default","ocean_header_style":"","ocean_center_header_left_menu":"0","ocean_custom_header_template":"0","ocean_custom_logo":0,"ocean_custom_retina_logo":0,"ocean_custom_logo_max_width":0,"ocean_custom_logo_tablet_max_width":0,"ocean_custom_logo_mobile_max_width":0,"ocean_custom_logo_max_height":0,"ocean_custom_logo_tablet_max_height":0,"ocean_custom_logo_mobile_max_height":0,"ocean_header_custom_menu":"0","ocean_menu_typo_font_family":"0","ocean_menu_typo_font_subset":"","ocean_menu_typo_font_size":0,"ocean_menu_typo_font_size_tablet":0,"ocean_menu_typo_font_size_mobile":0,"ocean_menu_typo_font_size_unit":"px","ocean_menu_typo_font_weight":"","ocean_menu_typo_font_weight_tablet":"","ocean_menu_typo_font_weight_mobile":"","ocean_menu_typo_transform":"","ocean_menu_typo_transform_tablet":"","ocean_menu_typo_transform_mobile":"","ocean_menu_typo_line_height":0,"ocean_menu_typo_line_height_tablet":0,"ocean_menu_typo_line_height_mobile":0,"ocean_menu_typo_line_height_unit":"","ocean_menu_typo_spacing":0,"ocean_menu_typo_spacing_tablet":0,"ocean_menu_typo_spacing_mobile":0,"ocean_menu_typo_spacing_unit":"","ocean_menu_link_color":"","ocean_menu_link_color_hover":"","ocean_menu_link_color_active":"","ocean_menu_link_background":"","ocean_menu_link_hover_background":"","ocean_menu_link_active_background":"","ocean_menu_social_links_bg":"","ocean_menu_social_hover_links_bg":"","ocean_menu_social_links_color":"","ocean_menu_social_hover_links_color":"","ocean_disable_title":"default","ocean_disable_heading":"default","ocean_post_title":"","ocean_post_subheading":"","ocean_post_title_style":"","ocean_post_title_background_color":"","ocean_post_title_background":0,"ocean_post_title_bg_image_position":"","ocean_post_title_bg_image_attachment":"","ocean_post_title_bg_image_repeat":"","ocean_post_title_bg_image_size":"","ocean_post_title_height":0,"ocean_post_title_bg_overlay":0.5,"ocean_post_title_bg_overlay_color":"","ocean_disable_breadcrumbs":"default","ocean_breadcrumbs_color":"","ocean_breadcrumbs_separator_color":"","ocean_breadcrumbs_links_color":"","ocean_breadcrumbs_links_hover_color":"","ocean_display_footer_widgets":"default","ocean_display_footer_bottom":"default","ocean_custom_footer_template":"0"},"product_brand":[],"product_cat":[67],"product_tag":[],"class_list":{"0":"post-2950","1":"product","2":"type-product","3":"status-publish","4":"has-post-thumbnail","6":"product_cat-manutencao","8":"entry","9":"has-media","11":"first","12":"instock","13":"shipping-taxable","14":"purchasable","15":"product-type-simple","16":"has-product-nav","17":"col","18":"span_1_of_5","19":"owp-content-center","20":"owp-thumbs-layout-horizontal","21":"owp-btn-normal","22":"owp-tabs-layout-horizontal","23":"has-no-thumbnails"},"_links":{"self":[{"href":"https:\/\/lunafortaleza.com.br\/index.php\/wp-json\/wp\/v2\/product\/2950","targetHints":{"allow":["GET"]}}],"collection":[{"href":"https:\/\/lunafortaleza.com.br\/index.php\/wp-json\/wp\/v2\/product"}],"about":[{"href":"https:\/\/lunafortaleza.com.br\/index.php\/wp-json\/wp\/v2\/types\/product"}],"wp:featuredmedia":[{"embeddable":true,"href":"https:\/\/lunafortaleza.com.br\/index.php\/wp-json\/wp\/v2\/media\/22965"}],"wp:attachment":[{"href":"https:\/\/lunafortaleza.com.br\/index.php\/wp-json\/wp\/v2\/media?parent=2950"}],"wp:term":[{"taxonomy":"product_brand","embeddable":true,"href":"https:\/\/lunafortaleza.com.br\/index.php\/wp-json\/wp\/v2\/product_brand?post=2950"},{"taxonomy":"product_cat","embeddable":true,"href":"https:\/\/lunafortaleza.com.br\/index.php\/wp-json\/wp\/v2\/product_cat?post=2950"},{"taxonomy":"product_tag","embeddable":true,"href":"https:\/\/lunafortaleza.com.br\/index.php\/wp-json\/wp\/v2\/product_tag?post=2950"}],"curies":[{"name":"wp","href":"https:\/\/api.w.org\/{rel}","templated":true}]}}