{"id":3014,"date":"2022-09-20T17:20:43","date_gmt":"2022-09-20T20:20:43","guid":{"rendered":"https:\/\/lunafortaleza.com.br\/?post_type=product&#038;p=3014"},"modified":"2026-04-06T22:41:56","modified_gmt":"2026-04-07T01:41:56","slug":"shampoo-force-250ml","status":"publish","type":"product","link":"https:\/\/lunafortaleza.com.br\/index.php\/produto\/shampoo-force-250ml\/","title":{"rendered":"SHAMPOO FORCE  250mL"},"content":{"rendered":"<p><strong>Shampoo Force:<\/strong> Promove limpeza suave, brilho, maior maleabilidade e maciez. Auxilia na reestrutura\u00e7\u00e3o dos cabelos danificados. Prepara os cabelos para receber as mascaras da linha + Plus. Indicado para todos os tipos de cabelo.<\/p>\n<p><strong>Luna Matrix\u2122:<\/strong> Sistema \u00fanico de gel lamelar para repor a massa perdida dos cabelos, proporcionando restaura\u00e7\u00e3o, prote\u00e7\u00e3o\u00a0 e brilho.<\/p>\n<p><strong>Blend de Amino\u00e1cidos: <\/strong>Promove hidrata\u00e7\u00e3o, fortalecimento e repara\u00e7\u00e3o de danos na superf\u00edcie capilar. melhora a penteabilidade, suavidade e sedosidade.<\/p>\n<p>&nbsp;<\/p>\n<h3>Ingredientes especiais:<\/h3>\n<p>Luna Martrix\/Arginine \/ Aspartic Acid \/ PCA \/ Glycine \/ Alanine \/ Serine \/ Valine \/ Proline \/ Threonine \/ Isoleucine \/ Histidine \/Phenylalanine\/Behenyl Alcohol \/ Cetearyl Alcohol \/ Isocetyl Alcohol \/ Quaternium-70\/ Propylene Glycol \/ Amodimethicone\u00a0 Lysine \/ Glycine \/ Acetyl Cysteine \/ Arginine HCL, Emulsificante e espessante, Citric Acid, Fragr\u00e2ncias Notas frutais e sa\u00edda adocicada.<\/p>\n<h3>Como usar:<\/h3>\n<p>1 -Aplique no couro e nos cabelos \u00famidos , massageando suavemente e deslizando a espuma pra o comprimento das madeixas at\u00e9 formar espuma rica e cremosa. Deixe agir por 2 minutos e depois enx\u00e1gue. Reaplique se necess\u00e1rio.<\/p>\n<p>&nbsp;<\/p>\n<h3>A\u00e7\u00e3o \/ Resultado:<\/h3>\n<p>Desenvolvido para o <strong>CRONOGRAMA + PLUS<\/strong>, oferecendo resultados e preparando a fibra capilar para receber o <strong>INTENSIVE RECONSTRUTOR, INTENSIVE DOUBLE, TREE POWER E O DUO INSTANT\u00c2NEO.<\/strong><\/p>\n","protected":false},"excerpt":{"rendered":"<p>Ideal para cabelos que necessita de cuidados especias e passaram por processos qu\u00edmicos.<\/p>\n","protected":false},"featured_media":22959,"template":"","meta":{"ocean_post_layout":"","ocean_both_sidebars_style":"","ocean_both_sidebars_content_width":0,"ocean_both_sidebars_sidebars_width":0,"ocean_sidebar":"0","ocean_second_sidebar":"0","ocean_disable_margins":"enable","ocean_add_body_class":"","ocean_shortcode_before_top_bar":"","ocean_shortcode_after_top_bar":"","ocean_shortcode_before_header":"","ocean_shortcode_after_header":"","ocean_has_shortcode":"","ocean_shortcode_after_title":"","ocean_shortcode_before_footer_widgets":"","ocean_shortcode_after_footer_widgets":"","ocean_shortcode_before_footer_bottom":"","ocean_shortcode_after_footer_bottom":"","ocean_display_top_bar":"default","ocean_display_header":"default","ocean_header_style":"","ocean_center_header_left_menu":"0","ocean_custom_header_template":"0","ocean_custom_logo":0,"ocean_custom_retina_logo":0,"ocean_custom_logo_max_width":0,"ocean_custom_logo_tablet_max_width":0,"ocean_custom_logo_mobile_max_width":0,"ocean_custom_logo_max_height":0,"ocean_custom_logo_tablet_max_height":0,"ocean_custom_logo_mobile_max_height":0,"ocean_header_custom_menu":"0","ocean_menu_typo_font_family":"0","ocean_menu_typo_font_subset":"","ocean_menu_typo_font_size":0,"ocean_menu_typo_font_size_tablet":0,"ocean_menu_typo_font_size_mobile":0,"ocean_menu_typo_font_size_unit":"px","ocean_menu_typo_font_weight":"","ocean_menu_typo_font_weight_tablet":"","ocean_menu_typo_font_weight_mobile":"","ocean_menu_typo_transform":"","ocean_menu_typo_transform_tablet":"","ocean_menu_typo_transform_mobile":"","ocean_menu_typo_line_height":0,"ocean_menu_typo_line_height_tablet":0,"ocean_menu_typo_line_height_mobile":0,"ocean_menu_typo_line_height_unit":"","ocean_menu_typo_spacing":0,"ocean_menu_typo_spacing_tablet":0,"ocean_menu_typo_spacing_mobile":0,"ocean_menu_typo_spacing_unit":"","ocean_menu_link_color":"","ocean_menu_link_color_hover":"","ocean_menu_link_color_active":"","ocean_menu_link_background":"","ocean_menu_link_hover_background":"","ocean_menu_link_active_background":"","ocean_menu_social_links_bg":"","ocean_menu_social_hover_links_bg":"","ocean_menu_social_links_color":"","ocean_menu_social_hover_links_color":"","ocean_disable_title":"default","ocean_disable_heading":"default","ocean_post_title":"","ocean_post_subheading":"","ocean_post_title_style":"","ocean_post_title_background_color":"","ocean_post_title_background":0,"ocean_post_title_bg_image_position":"","ocean_post_title_bg_image_attachment":"","ocean_post_title_bg_image_repeat":"","ocean_post_title_bg_image_size":"","ocean_post_title_height":0,"ocean_post_title_bg_overlay":0.5,"ocean_post_title_bg_overlay_color":"","ocean_disable_breadcrumbs":"default","ocean_breadcrumbs_color":"","ocean_breadcrumbs_separator_color":"","ocean_breadcrumbs_links_color":"","ocean_breadcrumbs_links_hover_color":"","ocean_display_footer_widgets":"default","ocean_display_footer_bottom":"default","ocean_custom_footer_template":"0"},"product_brand":[],"product_cat":[67],"product_tag":[],"class_list":{"0":"post-3014","1":"product","2":"type-product","3":"status-publish","4":"has-post-thumbnail","6":"product_cat-manutencao","8":"entry","9":"has-media","11":"first","12":"instock","13":"featured","14":"shipping-taxable","15":"purchasable","16":"product-type-simple","17":"has-product-nav","18":"col","19":"span_1_of_5","20":"owp-content-center","21":"owp-thumbs-layout-horizontal","22":"owp-btn-normal","23":"owp-tabs-layout-horizontal","24":"has-no-thumbnails"},"_links":{"self":[{"href":"https:\/\/lunafortaleza.com.br\/index.php\/wp-json\/wp\/v2\/product\/3014","targetHints":{"allow":["GET"]}}],"collection":[{"href":"https:\/\/lunafortaleza.com.br\/index.php\/wp-json\/wp\/v2\/product"}],"about":[{"href":"https:\/\/lunafortaleza.com.br\/index.php\/wp-json\/wp\/v2\/types\/product"}],"wp:featuredmedia":[{"embeddable":true,"href":"https:\/\/lunafortaleza.com.br\/index.php\/wp-json\/wp\/v2\/media\/22959"}],"wp:attachment":[{"href":"https:\/\/lunafortaleza.com.br\/index.php\/wp-json\/wp\/v2\/media?parent=3014"}],"wp:term":[{"taxonomy":"product_brand","embeddable":true,"href":"https:\/\/lunafortaleza.com.br\/index.php\/wp-json\/wp\/v2\/product_brand?post=3014"},{"taxonomy":"product_cat","embeddable":true,"href":"https:\/\/lunafortaleza.com.br\/index.php\/wp-json\/wp\/v2\/product_cat?post=3014"},{"taxonomy":"product_tag","embeddable":true,"href":"https:\/\/lunafortaleza.com.br\/index.php\/wp-json\/wp\/v2\/product_tag?post=3014"}],"curies":[{"name":"wp","href":"https:\/\/api.w.org\/{rel}","templated":true}]}}