{"id":3414,"date":"2022-10-10T17:56:24","date_gmt":"2022-10-10T20:56:24","guid":{"rendered":"https:\/\/lunafortaleza.com.br\/?post_type=product&#038;p=3414"},"modified":"2026-04-07T19:49:37","modified_gmt":"2026-04-07T22:49:37","slug":"bio-shampoo-positivo-500ml","status":"publish","type":"product","link":"https:\/\/lunafortaleza.com.br\/index.php\/produto\/bio-shampoo-positivo-500ml\/","title":{"rendered":"CAUTER &#8211; BIO SHAMPOO POSITIVO  500ml"},"content":{"rendered":"<p><strong>BIO SHAMPOO POSITIVO<\/strong> \u2013 Limpa delicadamente o couro cabeludo e a fibra capilar oferecendo uma limpeza ideal e criando um ambiente adequado para <strong>BIO KERATINA ESPECIAL E A BIO PROTE\u00cdNA T\u00c9RMICA.<\/strong><\/p>\n<p><strong>&#8211; Poliquart\u00eanio 7:<\/strong> Antiest\u00e1tico, lubrificante, melhora a penteabilidade reduz o toque oleoso, confere maciez e brilho.<\/p>\n<p><strong>&#8211; \u00c1cido C\u00edtrico:<\/strong> Naturalmente encontrado em frutas \u00e1cidas, atua como regulador de Ph.<\/p>\n","protected":false},"excerpt":{"rendered":"<p>Enriquecido com Luna Matrix e poliquat\u00e9rnio 44 que confere maciez e sedosidade aos fios. promove uma reestrutura\u00e7\u00e3o da fibra de queratina, melhora a elasticidade dos fios e aumenta a resist\u00eancia.<\/p>\n<ul>\n<li>Aliado ao cronograma 360\u00ba torna-se um tratamento de alto impacto.<\/li>\n<\/ul>\n","protected":false},"featured_media":34506,"template":"","meta":{"ocean_post_layout":"","ocean_both_sidebars_style":"","ocean_both_sidebars_content_width":0,"ocean_both_sidebars_sidebars_width":0,"ocean_sidebar":"0","ocean_second_sidebar":"0","ocean_disable_margins":"enable","ocean_add_body_class":"","ocean_shortcode_before_top_bar":"","ocean_shortcode_after_top_bar":"","ocean_shortcode_before_header":"","ocean_shortcode_after_header":"","ocean_has_shortcode":"","ocean_shortcode_after_title":"","ocean_shortcode_before_footer_widgets":"","ocean_shortcode_after_footer_widgets":"","ocean_shortcode_before_footer_bottom":"","ocean_shortcode_after_footer_bottom":"","ocean_display_top_bar":"default","ocean_display_header":"default","ocean_header_style":"","ocean_center_header_left_menu":"0","ocean_custom_header_template":"0","ocean_custom_logo":0,"ocean_custom_retina_logo":0,"ocean_custom_logo_max_width":0,"ocean_custom_logo_tablet_max_width":0,"ocean_custom_logo_mobile_max_width":0,"ocean_custom_logo_max_height":0,"ocean_custom_logo_tablet_max_height":0,"ocean_custom_logo_mobile_max_height":0,"ocean_header_custom_menu":"0","ocean_menu_typo_font_family":"0","ocean_menu_typo_font_subset":"","ocean_menu_typo_font_size":0,"ocean_menu_typo_font_size_tablet":0,"ocean_menu_typo_font_size_mobile":0,"ocean_menu_typo_font_size_unit":"px","ocean_menu_typo_font_weight":"","ocean_menu_typo_font_weight_tablet":"","ocean_menu_typo_font_weight_mobile":"","ocean_menu_typo_transform":"","ocean_menu_typo_transform_tablet":"","ocean_menu_typo_transform_mobile":"","ocean_menu_typo_line_height":0,"ocean_menu_typo_line_height_tablet":0,"ocean_menu_typo_line_height_mobile":0,"ocean_menu_typo_line_height_unit":"","ocean_menu_typo_spacing":0,"ocean_menu_typo_spacing_tablet":0,"ocean_menu_typo_spacing_mobile":0,"ocean_menu_typo_spacing_unit":"","ocean_menu_link_color":"","ocean_menu_link_color_hover":"","ocean_menu_link_color_active":"","ocean_menu_link_background":"","ocean_menu_link_hover_background":"","ocean_menu_link_active_background":"","ocean_menu_social_links_bg":"","ocean_menu_social_hover_links_bg":"","ocean_menu_social_links_color":"","ocean_menu_social_hover_links_color":"","ocean_disable_title":"default","ocean_disable_heading":"default","ocean_post_title":"","ocean_post_subheading":"","ocean_post_title_style":"","ocean_post_title_background_color":"","ocean_post_title_background":0,"ocean_post_title_bg_image_position":"","ocean_post_title_bg_image_attachment":"","ocean_post_title_bg_image_repeat":"","ocean_post_title_bg_image_size":"","ocean_post_title_height":0,"ocean_post_title_bg_overlay":0.5,"ocean_post_title_bg_overlay_color":"","ocean_disable_breadcrumbs":"default","ocean_breadcrumbs_color":"","ocean_breadcrumbs_separator_color":"","ocean_breadcrumbs_links_color":"","ocean_breadcrumbs_links_hover_color":"","ocean_display_footer_widgets":"default","ocean_display_footer_bottom":"default","ocean_custom_footer_template":"0"},"product_brand":[],"product_cat":[94],"product_tag":[],"class_list":{"0":"post-3414","1":"product","2":"type-product","3":"status-publish","4":"has-post-thumbnail","6":"product_cat-tratamento-profissional","8":"entry","9":"has-media","11":"first","12":"instock","13":"shipping-taxable","14":"purchasable","15":"product-type-simple","16":"has-product-nav","17":"col","18":"span_1_of_5","19":"owp-content-center","20":"owp-thumbs-layout-horizontal","21":"owp-btn-normal","22":"owp-tabs-layout-horizontal","23":"has-no-thumbnails"},"_links":{"self":[{"href":"https:\/\/lunafortaleza.com.br\/index.php\/wp-json\/wp\/v2\/product\/3414","targetHints":{"allow":["GET"]}}],"collection":[{"href":"https:\/\/lunafortaleza.com.br\/index.php\/wp-json\/wp\/v2\/product"}],"about":[{"href":"https:\/\/lunafortaleza.com.br\/index.php\/wp-json\/wp\/v2\/types\/product"}],"wp:featuredmedia":[{"embeddable":true,"href":"https:\/\/lunafortaleza.com.br\/index.php\/wp-json\/wp\/v2\/media\/34506"}],"wp:attachment":[{"href":"https:\/\/lunafortaleza.com.br\/index.php\/wp-json\/wp\/v2\/media?parent=3414"}],"wp:term":[{"taxonomy":"product_brand","embeddable":true,"href":"https:\/\/lunafortaleza.com.br\/index.php\/wp-json\/wp\/v2\/product_brand?post=3414"},{"taxonomy":"product_cat","embeddable":true,"href":"https:\/\/lunafortaleza.com.br\/index.php\/wp-json\/wp\/v2\/product_cat?post=3414"},{"taxonomy":"product_tag","embeddable":true,"href":"https:\/\/lunafortaleza.com.br\/index.php\/wp-json\/wp\/v2\/product_tag?post=3414"}],"curies":[{"name":"wp","href":"https:\/\/api.w.org\/{rel}","templated":true}]}}